{"id":431,"date":"2013-05-07T22:12:01","date_gmt":"2013-05-08T02:12:01","guid":{"rendered":"http:\/\/www.valchester.com\/index2013.php\/?page_id=431"},"modified":"2026-01-14T13:27:28","modified_gmt":"2026-01-14T18:27:28","slug":"nearby","status":"publish","type":"page","link":"https:\/\/www.valchester.com\/en\/activities\/nearby\/","title":{"rendered":"Nearby"},"content":{"rendered":"<p>Val Chester Outdoor Centre is located in the beautiful Centre-du-Qu\u00e9bec region, next to Eastern Townships, 15 kilometers from Victoriaville, halfway between Montreal and Quebec. Here are some links to surrounding areas. Benefit from your stay with us to discover this touristic area!<\/p>\n<ul>\n<li><a href=\"https:\/\/rocklacauze.com\/\">Festival Rock la Cauze 2026 August 6 to 8&nbsp;<\/a><\/li>\n<li><a href=\"https:\/\/www.victoriaville.ca\/\" target=\"_blank\" rel=\"noopener\">Ville de Victoriaville<\/a><\/li>\n<li><a href=\"http:\/\/www.chesterville.net\" target=\"_blank\" rel=\"noopener\">Ville de Chesterville<\/a><\/li>\n<li><a href=\"http:\/\/www.tourismeregionvictoriaville.com\/Holiday-Package\/index.aspx\" target=\"_blank\" rel=\"noopener\">Tourisme Victoriaville et sa r\u00e9gion<\/a><\/li>\n<li><a href=\"http:\/\/www.montgleason.ca\/\" target=\"_blank\" rel=\"noopener\">Mont Gleason<\/a><\/li>\n<li><a href=\"http:\/\/www.grandschenes.ca\/\" target=\"_blank\" rel=\"noopener\">Le Th\u00e9\u00e2tre des Grands Ch\u00eanes<\/a><\/li>\n<li><a href=\"http:\/\/www.parcmarievictorin.com\/\" target=\"_blank\" rel=\"noopener\">Parc Marie-Victorin<\/a><\/li>\n<li><a href=\"http:\/\/www.montarthabaska.com\/\" target=\"_blank\" rel=\"noopener\">Mont Arthabaska<\/a><\/li>\n<\/ul>\n<p>&nbsp;<\/p>\n<hr>\n<p>We also like to celebrate! For more information, click the <a title=\"Events\" href=\"\/en\/events\/\">Events<\/a> tab to see more !<\/p>\n","protected":false},"excerpt":{"rendered":"<p>Val Chester Outdoor Centre is located in the beautiful Centre-du-Qu\u00e9bec region, next to Eastern Townships, 15 kilometers from Victoriaville, halfway between Montreal and Quebec. Here are some links to surrounding areas. Benefit from your stay with us to discover this touristic area! Festival Rock la Cauze 2026 August 6 to 8&nbsp; Ville de Victoriaville Ville [&hellip;]<\/p>\n","protected":false},"author":2,"featured_media":0,"parent":82,"menu_order":0,"comment_status":"closed","ping_status":"closed","template":"","meta":{"ngg_post_thumbnail":0,"footnotes":""},"class_list":["post-431","page","type-page","status-publish","hentry"],"yoast_head":"<!-- This site is optimized with the Yoast SEO plugin v26.7 - https:\/\/yoast.com\/wordpress\/plugins\/seo\/ -->\n<title>Nearby | Val Chester Outdoor Centre<\/title>\n<meta name=\"description\" content=\"We offer you a peaceful vacation destination surrounded by nature on the edge of the magnificent Nicolet River.\" \/>\n<meta name=\"robots\" content=\"index, follow, max-snippet:-1, max-image-preview:large, max-video-preview:-1\" \/>\n<link rel=\"canonical\" href=\"https:\/\/www.valchester.com\/en\/activities\/nearby\/\" \/>\n<meta property=\"og:locale\" content=\"en_US\" \/>\n<meta property=\"og:type\" content=\"article\" \/>\n<meta property=\"og:title\" content=\"Nearby | Val Chester Outdoor Centre\" \/>\n<meta property=\"og:description\" content=\"We offer you a peaceful vacation destination surrounded by nature on the edge of the magnificent Nicolet River.\" \/>\n<meta property=\"og:url\" content=\"https:\/\/www.valchester.com\/en\/activities\/nearby\/\" \/>\n<meta property=\"og:site_name\" content=\"Val Chester Outdoor Centre\" \/>\n<meta property=\"article:modified_time\" content=\"2026-01-14T18:27:28+00:00\" \/>\n<meta name=\"twitter:label1\" content=\"Est. reading time\" \/>\n\t<meta name=\"twitter:data1\" content=\"1 minute\" \/>\n<script type=\"application\/ld+json\" class=\"yoast-schema-graph\">{\"@context\":\"https:\/\/schema.org\",\"@graph\":[{\"@type\":\"WebPage\",\"@id\":\"https:\/\/www.valchester.com\/en\/activities\/nearby\/\",\"url\":\"https:\/\/www.valchester.com\/en\/activities\/nearby\/\",\"name\":\"Nearby | Val Chester Outdoor Centre\",\"isPartOf\":{\"@id\":\"https:\/\/www.valchester.com\/#website\"},\"datePublished\":\"2013-05-08T02:12:01+00:00\",\"dateModified\":\"2026-01-14T18:27:28+00:00\",\"description\":\"We offer you a peaceful vacation destination surrounded by nature on the edge of the magnificent Nicolet River.\",\"breadcrumb\":{\"@id\":\"https:\/\/www.valchester.com\/en\/activities\/nearby\/#breadcrumb\"},\"inLanguage\":\"en-US\",\"potentialAction\":[{\"@type\":\"ReadAction\",\"target\":[\"https:\/\/www.valchester.com\/en\/activities\/nearby\/\"]}]},{\"@type\":\"BreadcrumbList\",\"@id\":\"https:\/\/www.valchester.com\/en\/activities\/nearby\/#breadcrumb\",\"itemListElement\":[{\"@type\":\"ListItem\",\"position\":1,\"name\":\"Accueil\",\"item\":\"https:\/\/www.valchester.com\/en\/\"},{\"@type\":\"ListItem\",\"position\":2,\"name\":\"Activities\",\"item\":\"https:\/\/www.valchester.com\/en\/activities\/\"},{\"@type\":\"ListItem\",\"position\":3,\"name\":\"Nearby\"}]},{\"@type\":\"WebSite\",\"@id\":\"https:\/\/www.valchester.com\/#website\",\"url\":\"https:\/\/www.valchester.com\/\",\"name\":\"Val Chester Outdoor Centre\",\"description\":\"Cottages and camping\",\"potentialAction\":[{\"@type\":\"SearchAction\",\"target\":{\"@type\":\"EntryPoint\",\"urlTemplate\":\"https:\/\/www.valchester.com\/?s={search_term_string}\"},\"query-input\":{\"@type\":\"PropertyValueSpecification\",\"valueRequired\":true,\"valueName\":\"search_term_string\"}}],\"inLanguage\":\"en-US\"}]}<\/script>\n<!-- \/ Yoast SEO plugin. -->","yoast_head_json":{"title":"Nearby | Val Chester Outdoor Centre","description":"We offer you a peaceful vacation destination surrounded by nature on the edge of the magnificent Nicolet River.","robots":{"index":"index","follow":"follow","max-snippet":"max-snippet:-1","max-image-preview":"max-image-preview:large","max-video-preview":"max-video-preview:-1"},"canonical":"https:\/\/www.valchester.com\/en\/activities\/nearby\/","og_locale":"en_US","og_type":"article","og_title":"Nearby | Val Chester Outdoor Centre","og_description":"We offer you a peaceful vacation destination surrounded by nature on the edge of the magnificent Nicolet River.","og_url":"https:\/\/www.valchester.com\/en\/activities\/nearby\/","og_site_name":"Val Chester Outdoor Centre","article_modified_time":"2026-01-14T18:27:28+00:00","twitter_misc":{"Est. reading time":"1 minute"},"schema":{"@context":"https:\/\/schema.org","@graph":[{"@type":"WebPage","@id":"https:\/\/www.valchester.com\/en\/activities\/nearby\/","url":"https:\/\/www.valchester.com\/en\/activities\/nearby\/","name":"Nearby | Val Chester Outdoor Centre","isPartOf":{"@id":"https:\/\/www.valchester.com\/#website"},"datePublished":"2013-05-08T02:12:01+00:00","dateModified":"2026-01-14T18:27:28+00:00","description":"We offer you a peaceful vacation destination surrounded by nature on the edge of the magnificent Nicolet River.","breadcrumb":{"@id":"https:\/\/www.valchester.com\/en\/activities\/nearby\/#breadcrumb"},"inLanguage":"en-US","potentialAction":[{"@type":"ReadAction","target":["https:\/\/www.valchester.com\/en\/activities\/nearby\/"]}]},{"@type":"BreadcrumbList","@id":"https:\/\/www.valchester.com\/en\/activities\/nearby\/#breadcrumb","itemListElement":[{"@type":"ListItem","position":1,"name":"Accueil","item":"https:\/\/www.valchester.com\/en\/"},{"@type":"ListItem","position":2,"name":"Activities","item":"https:\/\/www.valchester.com\/en\/activities\/"},{"@type":"ListItem","position":3,"name":"Nearby"}]},{"@type":"WebSite","@id":"https:\/\/www.valchester.com\/#website","url":"https:\/\/www.valchester.com\/","name":"Val Chester Outdoor Centre","description":"Cottages and camping","potentialAction":[{"@type":"SearchAction","target":{"@type":"EntryPoint","urlTemplate":"https:\/\/www.valchester.com\/?s={search_term_string}"},"query-input":{"@type":"PropertyValueSpecification","valueRequired":true,"valueName":"search_term_string"}}],"inLanguage":"en-US"}]}},"_links":{"self":[{"href":"https:\/\/www.valchester.com\/en\/wp-json\/wp\/v2\/pages\/431","targetHints":{"allow":["GET"]}}],"collection":[{"href":"https:\/\/www.valchester.com\/en\/wp-json\/wp\/v2\/pages"}],"about":[{"href":"https:\/\/www.valchester.com\/en\/wp-json\/wp\/v2\/types\/page"}],"author":[{"embeddable":true,"href":"https:\/\/www.valchester.com\/en\/wp-json\/wp\/v2\/users\/2"}],"replies":[{"embeddable":true,"href":"https:\/\/www.valchester.com\/en\/wp-json\/wp\/v2\/comments?post=431"}],"version-history":[{"count":5,"href":"https:\/\/www.valchester.com\/en\/wp-json\/wp\/v2\/pages\/431\/revisions"}],"predecessor-version":[{"id":1926,"href":"https:\/\/www.valchester.com\/en\/wp-json\/wp\/v2\/pages\/431\/revisions\/1926"}],"up":[{"embeddable":true,"href":"https:\/\/www.valchester.com\/en\/wp-json\/wp\/v2\/pages\/82"}],"wp:attachment":[{"href":"https:\/\/www.valchester.com\/en\/wp-json\/wp\/v2\/media?parent=431"}],"curies":[{"name":"wp","href":"https:\/\/api.w.org\/{rel}","templated":true}]}}